{"id":3514,"date":"2025-04-29T20:47:10","date_gmt":"2025-04-29T20:47:10","guid":{"rendered":"https:\/\/hotel-hamburgnord.de\/?page_id=3514"},"modified":"2025-08-22T11:16:16","modified_gmt":"2025-08-22T11:16:16","slug":"imprint","status":"publish","type":"page","link":"https:\/\/hotel-hamburgnord.de\/en\/imprint\/","title":{"rendered":"Impressum"},"content":{"rendered":"\t\t<div data-elementor-type=\"wp-page\" data-elementor-id=\"3514\" class=\"elementor elementor-3514 elementor-2312\" data-elementor-post-type=\"page\">\n\t\t\t\t<div data-particle_enable=\"false\" data-particle-mobile-disabled=\"false\" class=\"elementor-element elementor-element-ffe95e5 e-flex e-con-boxed e-con e-child\" data-id=\"ffe95e5\" data-element_type=\"container\" data-settings=\"{&quot;background_background&quot;:&quot;classic&quot;}\">\n\t\t\t\t\t<div class=\"e-con-inner\">\n\t\t<div data-particle_enable=\"false\" data-particle-mobile-disabled=\"false\" class=\"elementor-element elementor-element-025d9f5 e-con-full e-flex e-con e-child\" data-id=\"025d9f5\" data-element_type=\"container\">\n\t\t\t\t<div class=\"elementor-element elementor-element-e1f1f83 elementor-widget elementor-widget-heading\" data-id=\"e1f1f83\" data-element_type=\"widget\" data-widget_type=\"heading.default\">\n\t\t\t\t<div class=\"elementor-widget-container\">\n\t\t\t\t\t<h1 class=\"elementor-heading-title elementor-size-default\">Imprint<\/h1>\t\t\t\t<\/div>\n\t\t\t\t<\/div>\n\t\t\t\t<\/div>\n\t\t\t\t\t<\/div>\n\t\t\t\t<\/div>\n\t\t<div data-particle_enable=\"false\" data-particle-mobile-disabled=\"false\" class=\"elementor-element elementor-element-858586a e-flex e-con-boxed e-con e-parent\" data-id=\"858586a\" data-element_type=\"container\">\n\t\t\t\t\t<div class=\"e-con-inner\">\n\t\t<div data-particle_enable=\"false\" data-particle-mobile-disabled=\"false\" class=\"elementor-element elementor-element-384440e e-con-full e-flex e-con e-child\" data-id=\"384440e\" data-element_type=\"container\">\n\t\t<div data-particle_enable=\"false\" data-particle-mobile-disabled=\"false\" class=\"elementor-element elementor-element-cae3eee e-con-full e-flex e-con e-child\" data-id=\"cae3eee\" data-element_type=\"container\">\n\t\t\t\t<div class=\"elementor-element elementor-element-7cc7431 elementor-widget elementor-widget-text-editor\" data-id=\"7cc7431\" data-element_type=\"widget\" data-widget_type=\"text-editor.default\">\n\t\t\t\t<div class=\"elementor-widget-container\">\n\t\t\t\t\t\t\t\t\t<div id=\"1512028215\" class=\"u_1512028215 dmRespCol small-12 large-6 medium-6\"><div id=\"1499123491\" class=\"dmNewParagraph u_1499123491\" data-element-type=\"paragraph\" data-version=\"5\"><div><p><strong><span style=\"color: #000000;\"><span class=\"il\">Hotel Schwarzenbek<\/span>\u00a0GmbH<\/span><\/strong><br \/><span style=\"color: #000000;\">Grabauer Stra\u00dfe 8<\/span><br \/><span style=\"color: #000000;\">21493\u00a0<span class=\"il\">Schwarzenbek<br \/><\/span><\/span><\/p><p><span style=\"color: #000000;\"><strong>Telefon:<\/strong> +49 40 182 113200<\/span><br \/><span style=\"color: #000000;\"><strong>E-Mail:<\/strong>\u00a0<a style=\"color: #000000;\" href=\"mailto:info@hotel-hamburgnord.de\" target=\"_blank\" rel=\"noopener\">info@<span class=\"il\">hotel-hamburgnord.de<\/span><\/a><\/span><\/p><\/div><div><span style=\"color: #000000;\"><strong>Homepage:<\/strong>\u00a0<a style=\"color: #000000;\" href=\"https:\/\/hotel-hamburgnord.de\/\" target=\"_blank\" rel=\"noopener\" data-saferedirecturl=\"https:\/\/www.google.com\/url?q=https:\/\/www.hotel-schwarzenbek.de&amp;source=gmail&amp;ust=1748017257514000&amp;usg=AOvVaw3aybiQUZ1xNYSjJuTL30EE\">www.<span class=\"il\">hotel<\/span>-hamburgnord.de<\/a><\/span><\/div><div>\u00a0<\/div><div><strong data-start=\"506\" data-end=\"526\">Vertreten durch:<br \/><\/strong>Zeijed Rasahie<\/div><div><span style=\"color: #000000;\"><span class=\"il\"><strong>USt.Id:<\/strong> DE258832807<br \/><strong>St.Nr.:<\/strong> 46\/192\/01855<\/span><\/span><\/div><div>\u00a0<\/div><div><p><strong data-start=\"937\" data-end=\"993\">Verantwortlich f\u00fcr den Inhalt nach \u00a7 55 Abs. 2 RStV:<br \/><\/strong>Zeijed Rasahie<\/p><p><strong data-start=\"1036\" data-end=\"1059\">Haftungsausschluss:<\/strong><br data-start=\"1059\" data-end=\"1062\" \/>Trotz sorgf\u00e4ltiger inhaltlicher Kontrolle \u00fcbernehmen wir keine Haftung f\u00fcr die Inhalte externer Links. F\u00fcr den Inhalt der verlinkten Seiten sind ausschlie\u00dflich deren Betreiber verantwortlich.<\/p><p><strong data-start=\"1255\" data-end=\"1272\">Urheberrecht:<\/strong><br data-start=\"1272\" data-end=\"1275\" \/>Die Inhalte dieser Website unterliegen dem deutschen Urheberrecht. Beitr\u00e4ge Dritter sind als solche gekennzeichnet. Die Vervielf\u00e4ltigung, Bearbeitung und jede Art der Verwertung au\u00dferhalb der Grenzen des Urheberrechtes bed\u00fcrfen der schriftlichen Zustimmung des jeweiligen Autors.<\/p><\/div><\/div><\/div>\t\t\t\t\t\t\t\t<\/div>\n\t\t\t\t<\/div>\n\t\t\t\t<\/div>\n\t\t\t\t<\/div>\n\t\t\t\t\t<\/div>\n\t\t\t\t<\/div>\n\t\t\t\t<\/div>\n\t\t","protected":false},"excerpt":{"rendered":"<p>Imprint Hotel Schwarzenbek\u00a0GmbHGrabauer Stra\u00dfe 821493\u00a0Schwarzenbek Telefon: +49 40 182 113200E-Mail:\u00a0info@hotel-hamburgnord.de Homepage:\u00a0www.hotel-hamburgnord.de\u00a0Vertreten durch:Zeijed RasahieUSt.Id: DE258832807St.Nr.: 46\/192\/01855\u00a0 Verantwortlich f\u00fcr den Inhalt nach \u00a7 55 Abs. 2 RStV:Zeijed Rasahie Haftungsausschluss:Trotz sorgf\u00e4ltiger inhaltlicher Kontrolle \u00fcbernehmen wir keine Haftung f\u00fcr die Inhalte externer Links. F\u00fcr den Inhalt der verlinkten Seiten sind ausschlie\u00dflich deren Betreiber verantwortlich. Urheberrecht:Die Inhalte dieser Website unterliegen [&hellip;]<\/p>\n","protected":false},"author":2,"featured_media":4162,"parent":0,"menu_order":0,"comment_status":"closed","ping_status":"closed","template":"","meta":{"footnotes":""},"class_list":["post-3514","page","type-page","status-publish","has-post-thumbnail","hentry"],"_links":{"self":[{"href":"https:\/\/hotel-hamburgnord.de\/en\/wp-json\/wp\/v2\/pages\/3514","targetHints":{"allow":["GET"]}}],"collection":[{"href":"https:\/\/hotel-hamburgnord.de\/en\/wp-json\/wp\/v2\/pages"}],"about":[{"href":"https:\/\/hotel-hamburgnord.de\/en\/wp-json\/wp\/v2\/types\/page"}],"author":[{"embeddable":true,"href":"https:\/\/hotel-hamburgnord.de\/en\/wp-json\/wp\/v2\/users\/2"}],"replies":[{"embeddable":true,"href":"https:\/\/hotel-hamburgnord.de\/en\/wp-json\/wp\/v2\/comments?post=3514"}],"version-history":[{"count":26,"href":"https:\/\/hotel-hamburgnord.de\/en\/wp-json\/wp\/v2\/pages\/3514\/revisions"}],"predecessor-version":[{"id":4611,"href":"https:\/\/hotel-hamburgnord.de\/en\/wp-json\/wp\/v2\/pages\/3514\/revisions\/4611"}],"wp:featuredmedia":[{"embeddable":true,"href":"https:\/\/hotel-hamburgnord.de\/en\/wp-json\/wp\/v2\/media\/4162"}],"wp:attachment":[{"href":"https:\/\/hotel-hamburgnord.de\/en\/wp-json\/wp\/v2\/media?parent=3514"}],"curies":[{"name":"wp","href":"https:\/\/api.w.org\/{rel}","templated":true}]}}